{"id":802,"date":"2022-06-23T11:24:48","date_gmt":"2022-06-23T09:24:48","guid":{"rendered":"https:\/\/www.muenster-monastir.de\/?page_id=802"},"modified":"2022-06-23T11:53:22","modified_gmt":"2022-06-23T09:53:22","slug":"vorstand","status":"publish","type":"page","link":"https:\/\/www.muenster-monastir.de\/index.php\/vorstand\/","title":{"rendered":"Vorstand"},"content":{"rendered":"\n<div class=\"wp-block-columns is-layout-flex wp-container-core-columns-is-layout-1 wp-block-columns-is-layout-flex\">\n<div class=\"wp-block-column is-layout-flow wp-block-column-is-layout-flow\" style=\"flex-basis:25%\"><\/div>\n\n\n\n<div class=\"wp-block-column is-layout-flow wp-block-column-is-layout-flow\" style=\"flex-basis:50%\">\n<p>Thomas Kollmann, 1. Vorsitzender<\/p>\n\n\n\n<p>Deler Saber, 2. Vorsitzender<\/p>\n\n\n\n<p>Monika J\u00fcrgensmeier, Schatzmeisterin<\/p>\n\n\n\n<p>Beisitzer*innen:<br>Ahmad Alhamwi<br>Karin Badde-Stru\u00df<br>Elisabeth Flechtner<br>Jens Heinemann<br>Kajo Schukalla<br>Benno S\u00f6keland<br>Ahmed Zehahla<\/p>\n<\/div>\n\n\n\n<div class=\"wp-block-column is-layout-flow wp-block-column-is-layout-flow\" style=\"flex-basis:25%\"><\/div>\n<\/div>\n","protected":false},"excerpt":{"rendered":"<p>Thomas Kollmann, 1. Vorsitzender Deler Saber, 2. Vorsitzender Monika J\u00fcrgensmeier, Schatzmeisterin Beisitzer*innen:Ahmad AlhamwiKarin Badde-Stru\u00dfElisabeth FlechtnerJens HeinemannKajo SchukallaBenno S\u00f6kelandAhmed Zehahla<\/p>\n","protected":false},"author":2,"featured_media":0,"parent":0,"menu_order":0,"comment_status":"closed","ping_status":"closed","template":"template\/full-width.php","meta":{"ngg_post_thumbnail":0,"footnotes":""},"class_list":["post-802","page","type-page","status-publish","hentry"],"_links":{"self":[{"href":"https:\/\/www.muenster-monastir.de\/index.php\/wp-json\/wp\/v2\/pages\/802","targetHints":{"allow":["GET"]}}],"collection":[{"href":"https:\/\/www.muenster-monastir.de\/index.php\/wp-json\/wp\/v2\/pages"}],"about":[{"href":"https:\/\/www.muenster-monastir.de\/index.php\/wp-json\/wp\/v2\/types\/page"}],"author":[{"embeddable":true,"href":"https:\/\/www.muenster-monastir.de\/index.php\/wp-json\/wp\/v2\/users\/2"}],"replies":[{"embeddable":true,"href":"https:\/\/www.muenster-monastir.de\/index.php\/wp-json\/wp\/v2\/comments?post=802"}],"version-history":[{"count":7,"href":"https:\/\/www.muenster-monastir.de\/index.php\/wp-json\/wp\/v2\/pages\/802\/revisions"}],"predecessor-version":[{"id":823,"href":"https:\/\/www.muenster-monastir.de\/index.php\/wp-json\/wp\/v2\/pages\/802\/revisions\/823"}],"wp:attachment":[{"href":"https:\/\/www.muenster-monastir.de\/index.php\/wp-json\/wp\/v2\/media?parent=802"}],"curies":[{"name":"wp","href":"https:\/\/api.w.org\/{rel}","templated":true}]}}