{"id":5,"date":"2017-11-23T16:35:42","date_gmt":"2017-11-23T15:35:42","guid":{"rendered":"http:\/\/localhost\/monastir\/?page_id=5"},"modified":"2022-06-23T11:50:50","modified_gmt":"2022-06-23T09:50:50","slug":"ueber-mich","status":"publish","type":"page","link":"https:\/\/www.muenster-monastir.de\/index.php\/ueber-mich\/","title":{"rendered":"Portrait der Stadt Monastir"},"content":{"rendered":"\n<div class=\"wp-block-columns is-layout-flex wp-container-core-columns-is-layout-1 wp-block-columns-is-layout-flex\">\n<div class=\"wp-block-column is-layout-flow wp-block-column-is-layout-flow\" style=\"flex-basis:25%\"><\/div>\n\n\n\n<div class=\"wp-block-column is-layout-flow wp-block-column-is-layout-flow\" style=\"flex-basis:50%\">\n<p>M\u00fcnster und seine tunesische Partnerstadt Monastir haben nicht nur zuf\u00e4llig \u00e4hnlich klingende Namen, sondern aufgrund interessanter Parallelen in ihrer jeweiligen fr\u00fchen Geschichte.<\/p>\n\n\n\n<p>So entwickelten sich beide St\u00e4dte jeweils aus einem im 8. Jahrhundert gegr\u00fcndeten Kloster. Die lateinische Bezeichnung \u201emonasterium\u201c f\u00fcr Kloster ist bis heute namensgebend f\u00fcr beide St\u00e4dte. W\u00e4hrend der christliche Missionar Liudger im Jahr 793 in der kleinen Siedlung Mimigernaford im Bereich des heutigen Domplatzes ein Kloster gr\u00fcndete, lie\u00df der Emir Harthama ibn A\u2018yan nur drei Jahre sp\u00e4ter im Jahr 796 auf den Ruinen der ph\u00f6nizisch-karthagischen Siedlung Ruspina den Ribat von Monastir, ein islamisches Wehrkloster, bauen. Der bis heute erhaltene Ribat ist zugleich religi\u00f6ses Geb\u00e4ude und eine Festungsanlage. Anlagen wie diese wurden im Zuge der arabischen Eroberung des Maghreb an zahlreichen Orten errichtet. Der Ribat diente mit seinem markanten Aussichtsturm in fr\u00fcheren Zeiten dazu, Feinde fr\u00fchzeitig zu erkennen, die sich zum Beispiel \u00fcber das Mittelmeer ann\u00e4herten. Heute stellt der Ribat eines der markantesten Wahrzeichen der attraktiven K\u00fcstenstadt dar, die \u2013 ebenso wie M\u00fcnster \u2013 viele Touristinnen und Touristen anzieht.<\/p>\n\n\n\n<p>Neben der historischen Altstadt, auch Medina genannt, und dem Ribat, stellt auch das monumentale Habib-Bourguiba-Mausoleum mit seinem gro\u00dfen Vorplatz eine wichtige Sehensw\u00fcrdigkeit dar. Habib Bourguiba, von 1957 bis 1987 erster Pr\u00e4sident der unabh\u00e4ngigen Tunesischen Republik, ist einer der ber\u00fchmtesten S\u00f6hne der Stadt Monastir. Er wurde 1903 in Monastir geboren und verstarb im Jahr 2000 in seiner Heimatstadt, wo ihm zu Ehren das Mausoleum sowie ein Museum errichtet wurden. Auch eine bedeutende Moschee sowie der internationale Flughafen von Monastir tragen heute seinen Namen.<\/p>\n\n\n\n<p>Heute ist die Stadt Monastir, deren Einwohnerzahl \u2013 je nach Quelle \u2013 mit rund 110.000 angegeben wird, wie seine westf\u00e4lische Partnerstadt, Sitz einer Universit\u00e4t. Anders als in M\u00fcnster liegen die Schwerpunkte der Universit\u00e4t jedoch auf Ingenieurswissenschaften, Technologie, Medizin, Pharmazie und Zahnmedizin.<\/p>\n\n\n\n<p>Die Stadt, in der Fu\u00dfball eine wichtige Rolle spielt, verf\u00fcgt au\u00dferdem \u00fcber ein eigenes Fu\u00dfballstadion mit einer Kapazit\u00e4t von rund 20.000 Pl\u00e4tzen.<\/p>\n\n\n\n<p>Seit der Kommunalwahl im Mai 2018 ist Mondher Marzouk B\u00fcrgermeister der Stadt. Der parteilose Politiker lenkte bereits vor der Arabischen Revolution 2010\/2011 f\u00fcr einen kurzen Zeitraum die Geschicke der Stadt. Besonders bemerkenswert war bei der Kommunalwahl, dass in Monastir im Vergleich zur landesweit geringen Wahlbeteiligung (37%) die h\u00f6chste Beteiligungsquote (46%) gemessen wurde. Rund die H\u00e4lfte der w\u00e4hlbaren Kandidatinnen und Kandidaten waren zudem Frauen.<\/p>\n\n\n\n<p><a href=\"https:\/\/www.stadt-muenster.de\/international\/staedtepartnerschaften\/monastir.html\">Weitere Informationen auch auf den Seiten der Stadt M\u00fcnster.<\/a><\/p>\n\n\n\n<p><a href=\"https:\/\/www.muenster-monastir.de\/index.php\/bilder\/nggallery\/monastir\/Monastir\">Fotogalerie Stadt Monastir<\/a><\/p>\n<\/div>\n\n\n\n<div class=\"wp-block-column is-layout-flow wp-block-column-is-layout-flow\" style=\"flex-basis:25%\"><\/div>\n<\/div>\n","protected":false},"excerpt":{"rendered":"<p>M\u00fcnster und seine tunesische Partnerstadt Monastir haben nicht nur zuf\u00e4llig \u00e4hnlich klingende Namen, sondern aufgrund interessanter Parallelen in ihrer jeweiligen fr\u00fchen Geschichte. So entwickelten sich beide St\u00e4dte jeweils aus einem im 8. Jahrhundert gegr\u00fcndeten Kloster. Die lateinische Bezeichnung \u201emonasterium\u201c f\u00fcr&#8230; <a href=\"https:\/\/www.muenster-monastir.de\/index.php\/ueber-mich\/\" class=\"readmore\">Weiterlesen<span class=\"screen-reader-text\">Portrait der Stadt Monastir<\/span><span class=\"fa fa-angle-double-right\" aria-hidden=\"true\"><\/span><\/a><\/p>\n","protected":false},"author":2,"featured_media":0,"parent":0,"menu_order":0,"comment_status":"closed","ping_status":"closed","template":"template\/full-width.php","meta":{"ngg_post_thumbnail":0,"footnotes":""},"class_list":["post-5","page","type-page","status-publish","hentry"],"_links":{"self":[{"href":"https:\/\/www.muenster-monastir.de\/index.php\/wp-json\/wp\/v2\/pages\/5","targetHints":{"allow":["GET"]}}],"collection":[{"href":"https:\/\/www.muenster-monastir.de\/index.php\/wp-json\/wp\/v2\/pages"}],"about":[{"href":"https:\/\/www.muenster-monastir.de\/index.php\/wp-json\/wp\/v2\/types\/page"}],"author":[{"embeddable":true,"href":"https:\/\/www.muenster-monastir.de\/index.php\/wp-json\/wp\/v2\/users\/2"}],"replies":[{"embeddable":true,"href":"https:\/\/www.muenster-monastir.de\/index.php\/wp-json\/wp\/v2\/comments?post=5"}],"version-history":[{"count":15,"href":"https:\/\/www.muenster-monastir.de\/index.php\/wp-json\/wp\/v2\/pages\/5\/revisions"}],"predecessor-version":[{"id":820,"href":"https:\/\/www.muenster-monastir.de\/index.php\/wp-json\/wp\/v2\/pages\/5\/revisions\/820"}],"wp:attachment":[{"href":"https:\/\/www.muenster-monastir.de\/index.php\/wp-json\/wp\/v2\/media?parent=5"}],"curies":[{"name":"wp","href":"https:\/\/api.w.org\/{rel}","templated":true}]}}