{"id":42,"date":"2017-12-07T11:17:03","date_gmt":"2017-12-07T10:17:03","guid":{"rendered":"http:\/\/localhost\/monastir\/?page_id=42"},"modified":"2023-02-14T14:42:24","modified_gmt":"2023-02-14T13:42:24","slug":"download","status":"publish","type":"page","link":"https:\/\/www.muenster-monastir.de\/index.php\/download\/","title":{"rendered":"Links"},"content":{"rendered":"\n<div class=\"wp-block-columns is-layout-flex wp-container-core-columns-is-layout-1 wp-block-columns-is-layout-flex\">\n<div class=\"wp-block-column is-layout-flow wp-block-column-is-layout-flow\" style=\"flex-basis:25%\"><\/div>\n\n\n\n<div class=\"wp-block-column is-layout-flow wp-block-column-is-layout-flow\" style=\"flex-basis:50%\">\n<p><a href=\"http:\/\/www.commune-monastir.gov.tn\/web\/ar\/\" target=\"_blank\" rel=\"noreferrer noopener\" aria-label=\"commune-monastir.gov.tn (\u00f6ffnet in neuem Tab)\">commune-monastir.gov.tn<\/a><\/p>\n\n\n\n<p><a href=\"http:\/\/voixdelenfant-monastir.org\" target=\"_blank\" rel=\"noreferrer noopener\" aria-label=\" (\u00f6ffnet in neuem Tab)\">voixdelenfant-monastir.org<\/a><\/p>\n\n\n\n<p><a href=\"http:\/\/notregrandbleu.org\" target=\"_blank\" rel=\"noreferrer noopener\">notregrandbleu.org<\/a><\/p>\n\n\n\n<p><a rel=\"noreferrer noopener\" href=\"https:\/\/www.facebook.com\/Festival-International-DES-ARTS-Plastiques-De-MONASTIR-Tunisie-663501070489125\/\" target=\"_blank\">Association des beaux arts de Monastir<\/a><\/p>\n\n\n\n<p><a href=\"http:\/\/www.stadt-muenster.de\/international\/startseite\" target=\"_blank\" rel=\"noreferrer noopener\">B\u00fcro Internationales, Stadt M\u00fcnster<\/a><\/p>\n\n\n\n<p><a href=\"http:\/\/www.part96.de\" target=\"_blank\" rel=\"noreferrer noopener\" aria-label=\" (\u00f6ffnet in neuem Tab)\">pART 96 e.V. K\u00fcnstlergemeinschaft M\u00fcnster<\/a><\/p>\n\n\n\n<p><a rel=\"noreferrer noopener\" aria-label=\"Overberg Kolleg (\u00f6ffnet in neuem Tab)\" href=\"https:\/\/overberg-kolleg.de\/\" target=\"_blank\">Overberg-Kolleg, M\u00fcnster<\/a><\/p>\n\n\n\n<p><a rel=\"noreferrer noopener\" href=\"http:\/\/www.atmosfair.de\/\" target=\"_blank\">www.atmosfair.de<\/a><\/p>\n<\/div>\n\n\n\n<div class=\"wp-block-column is-layout-flow wp-block-column-is-layout-flow\" style=\"flex-basis:25%\"><\/div>\n<\/div>\n\n\n\n<p><\/p>\n","protected":false},"excerpt":{"rendered":"<p>commune-monastir.gov.tn voixdelenfant-monastir.org notregrandbleu.org Association des beaux arts de Monastir B\u00fcro Internationales, Stadt M\u00fcnster pART 96 e.V. K\u00fcnstlergemeinschaft M\u00fcnster Overberg-Kolleg, M\u00fcnster www.atmosfair.de<\/p>\n","protected":false},"author":2,"featured_media":0,"parent":0,"menu_order":0,"comment_status":"closed","ping_status":"closed","template":"template\/full-width.php","meta":{"ngg_post_thumbnail":0,"footnotes":""},"class_list":["post-42","page","type-page","status-publish","hentry"],"_links":{"self":[{"href":"https:\/\/www.muenster-monastir.de\/index.php\/wp-json\/wp\/v2\/pages\/42","targetHints":{"allow":["GET"]}}],"collection":[{"href":"https:\/\/www.muenster-monastir.de\/index.php\/wp-json\/wp\/v2\/pages"}],"about":[{"href":"https:\/\/www.muenster-monastir.de\/index.php\/wp-json\/wp\/v2\/types\/page"}],"author":[{"embeddable":true,"href":"https:\/\/www.muenster-monastir.de\/index.php\/wp-json\/wp\/v2\/users\/2"}],"replies":[{"embeddable":true,"href":"https:\/\/www.muenster-monastir.de\/index.php\/wp-json\/wp\/v2\/comments?post=42"}],"version-history":[{"count":18,"href":"https:\/\/www.muenster-monastir.de\/index.php\/wp-json\/wp\/v2\/pages\/42\/revisions"}],"predecessor-version":[{"id":872,"href":"https:\/\/www.muenster-monastir.de\/index.php\/wp-json\/wp\/v2\/pages\/42\/revisions\/872"}],"wp:attachment":[{"href":"https:\/\/www.muenster-monastir.de\/index.php\/wp-json\/wp\/v2\/media?parent=42"}],"curies":[{"name":"wp","href":"https:\/\/api.w.org\/{rel}","templated":true}]}}