{"id":40,"date":"2017-12-07T11:16:22","date_gmt":"2017-12-07T10:16:22","guid":{"rendered":"http:\/\/localhost\/monastir\/?page_id=40"},"modified":"2022-06-23T11:54:54","modified_gmt":"2022-06-23T09:54:54","slug":"mitglied-werden","status":"publish","type":"page","link":"https:\/\/www.muenster-monastir.de\/index.php\/mitglied-werden\/","title":{"rendered":"Mitglied werden?"},"content":{"rendered":"\n<div class=\"wp-block-columns is-layout-flex wp-container-core-columns-is-layout-2 wp-block-columns-is-layout-flex\">\n<div class=\"wp-block-column is-layout-flow wp-block-column-is-layout-flow\" style=\"flex-basis:25%\"><\/div>\n\n\n\n<div class=\"wp-block-column is-layout-flow wp-block-column-is-layout-flow\" style=\"flex-basis:50%\">\n<p>Sie m\u00f6chten gern im Freundeskreis M\u00fcnster Monastir mitmachen und Mitglied werden?<\/p>\n\n\n\n<p>Bitte laden Sie das Mitgliedsformular herunter und senden es ausgef\u00fcllt zur\u00fcck.<\/p>\n\n\n\n<p><a href=\"https:\/\/www.muenster-monastir.de\/wp-content\/pdf\/Beitrittserklaerung-FMM.pdf\" target=\"_blank\" rel=\"noreferrer noopener\">Beitrittserkl\u00e4rung Freundeskreis M\u00fcnster-Monastir<\/a><\/p>\n\n\n\n<div class=\"wp-block-columns is-layout-flex wp-container-core-columns-is-layout-1 wp-block-columns-is-layout-flex\"><\/div>\n<\/div>\n\n\n\n<div class=\"wp-block-column is-layout-flow wp-block-column-is-layout-flow\" style=\"flex-basis:25%\"><\/div>\n<\/div>\n","protected":false},"excerpt":{"rendered":"<p>Sie m\u00f6chten gern im Freundeskreis M\u00fcnster Monastir mitmachen und Mitglied werden? Bitte laden Sie das Mitgliedsformular herunter und senden es ausgef\u00fcllt zur\u00fcck. Beitrittserkl\u00e4rung Freundeskreis M\u00fcnster-Monastir<\/p>\n","protected":false},"author":2,"featured_media":0,"parent":0,"menu_order":0,"comment_status":"closed","ping_status":"closed","template":"template\/full-width.php","meta":{"ngg_post_thumbnail":0,"footnotes":""},"class_list":["post-40","page","type-page","status-publish","hentry"],"_links":{"self":[{"href":"https:\/\/www.muenster-monastir.de\/index.php\/wp-json\/wp\/v2\/pages\/40","targetHints":{"allow":["GET"]}}],"collection":[{"href":"https:\/\/www.muenster-monastir.de\/index.php\/wp-json\/wp\/v2\/pages"}],"about":[{"href":"https:\/\/www.muenster-monastir.de\/index.php\/wp-json\/wp\/v2\/types\/page"}],"author":[{"embeddable":true,"href":"https:\/\/www.muenster-monastir.de\/index.php\/wp-json\/wp\/v2\/users\/2"}],"replies":[{"embeddable":true,"href":"https:\/\/www.muenster-monastir.de\/index.php\/wp-json\/wp\/v2\/comments?post=40"}],"version-history":[{"count":18,"href":"https:\/\/www.muenster-monastir.de\/index.php\/wp-json\/wp\/v2\/pages\/40\/revisions"}],"predecessor-version":[{"id":825,"href":"https:\/\/www.muenster-monastir.de\/index.php\/wp-json\/wp\/v2\/pages\/40\/revisions\/825"}],"wp:attachment":[{"href":"https:\/\/www.muenster-monastir.de\/index.php\/wp-json\/wp\/v2\/media?parent=40"}],"curies":[{"name":"wp","href":"https:\/\/api.w.org\/{rel}","templated":true}]}}