{"id":4,"date":"2017-11-23T16:35:41","date_gmt":"2017-11-23T15:35:41","guid":{"rendered":"http:\/\/localhost\/monastir\/?page_id=4"},"modified":"2023-01-22T11:51:00","modified_gmt":"2023-01-22T10:51:00","slug":"startseite","status":"publish","type":"page","link":"https:\/\/www.muenster-monastir.de\/","title":{"rendered":"Gelebte St\u00e4dtepartnerschaft"},"content":{"rendered":"<p>Willkommen auf den Internetseiten des Freundeskreises M\u00fcnster \u2013 Monastir e. V., der die Partnerschaft zwischen den beiden St\u00e4dten aktiv unterst\u00fctzt und f\u00f6rdert.<\/p>\n<p>Wir laden Sie herzlich ein, sich \u00fcber die Geschichte der St\u00e4dtepartnerschaft, \u00fcber Monastir und Tunesien, den Freundeskreis und seine Aktivit\u00e4ten sowie aktuelle Themen und Termine zu informieren.<\/p>\n\n\n<figure class=\"wp-block-image size-large\"><img loading=\"lazy\" decoding=\"async\" width=\"1024\" height=\"666\" src=\"https:\/\/www.muenster-monastir.de\/wp-content\/uploads\/2023\/01\/Schild-Monastir-Platz-1024x666.jpg\" alt=\"\" class=\"wp-image-857\" srcset=\"https:\/\/www.muenster-monastir.de\/wp-content\/uploads\/2023\/01\/Schild-Monastir-Platz-1024x666.jpg 1024w, https:\/\/www.muenster-monastir.de\/wp-content\/uploads\/2023\/01\/Schild-Monastir-Platz-300x195.jpg 300w, https:\/\/www.muenster-monastir.de\/wp-content\/uploads\/2023\/01\/Schild-Monastir-Platz-768x500.jpg 768w, https:\/\/www.muenster-monastir.de\/wp-content\/uploads\/2023\/01\/Schild-Monastir-Platz.jpg 1506w\" sizes=\"auto, (max-width: 1024px) 100vw, 1024px\" \/><\/figure>\n","protected":false},"excerpt":{"rendered":"<p>Willkommen auf den Internetseiten des Freundeskreises M\u00fcnster \u2013 Monastir e. V., der die Partnerschaft zwischen den beiden St\u00e4dten aktiv unterst\u00fctzt und f\u00f6rdert. Wir laden Sie herzlich ein, sich \u00fcber die Geschichte der St\u00e4dtepartnerschaft, \u00fcber Monastir und Tunesien, den Freundeskreis und&#8230; <a href=\"https:\/\/www.muenster-monastir.de\/\" class=\"readmore\">Weiterlesen<span class=\"screen-reader-text\">Gelebte St\u00e4dtepartnerschaft<\/span><span class=\"fa fa-angle-double-right\" aria-hidden=\"true\"><\/span><\/a><\/p>\n","protected":false},"author":2,"featured_media":0,"parent":0,"menu_order":0,"comment_status":"closed","ping_status":"closed","template":"","meta":{"ngg_post_thumbnail":0,"footnotes":""},"class_list":["post-4","page","type-page","status-publish","hentry"],"_links":{"self":[{"href":"https:\/\/www.muenster-monastir.de\/index.php\/wp-json\/wp\/v2\/pages\/4","targetHints":{"allow":["GET"]}}],"collection":[{"href":"https:\/\/www.muenster-monastir.de\/index.php\/wp-json\/wp\/v2\/pages"}],"about":[{"href":"https:\/\/www.muenster-monastir.de\/index.php\/wp-json\/wp\/v2\/types\/page"}],"author":[{"embeddable":true,"href":"https:\/\/www.muenster-monastir.de\/index.php\/wp-json\/wp\/v2\/users\/2"}],"replies":[{"embeddable":true,"href":"https:\/\/www.muenster-monastir.de\/index.php\/wp-json\/wp\/v2\/comments?post=4"}],"version-history":[{"count":18,"href":"https:\/\/www.muenster-monastir.de\/index.php\/wp-json\/wp\/v2\/pages\/4\/revisions"}],"predecessor-version":[{"id":858,"href":"https:\/\/www.muenster-monastir.de\/index.php\/wp-json\/wp\/v2\/pages\/4\/revisions\/858"}],"wp:attachment":[{"href":"https:\/\/www.muenster-monastir.de\/index.php\/wp-json\/wp\/v2\/media?parent=4"}],"curies":[{"name":"wp","href":"https:\/\/api.w.org\/{rel}","templated":true}]}}