{"id":38,"date":"2017-12-07T11:15:47","date_gmt":"2017-12-07T10:15:47","guid":{"rendered":"http:\/\/localhost\/monastir\/?page_id=38"},"modified":"2022-06-23T11:56:39","modified_gmt":"2022-06-23T09:56:39","slug":"ansprechpartner","status":"publish","type":"page","link":"https:\/\/www.muenster-monastir.de\/index.php\/ansprechpartner\/","title":{"rendered":"Der Verein Freundeskreis M\u00fcnster-Monastir"},"content":{"rendered":"\n<p>Der Freundeskreis M\u00fcnster-Monastir hat sich als Verein 2018 gegr\u00fcndet. Ziel ist, die Kontakte mit der B\u00fcrgerschaft von M\u00fcnsters Partnerstadt Monastir intensivieren und auch zivilgesellschaftliche Graswurzelprojekte bef\u00f6rdern. <\/p>\n\n\n\n<p>Bereits 1969 wurde die St\u00e4departnerschaft zwischen M\u00fcnster mit dem tunesischen Monastir begr\u00fcndet. Zwar gab es in der langen Zeit sporadisch Delegationsbesuche und auch vereinzelt Kontakte und sogar kleinere Projekte, doch keinen b\u00fcrgerschaftlichen Tr\u00e4gerverein wie sonst bei allen anderen St\u00e4dtepartnerschaften M\u00fcnsters. Zwei Jahre zuvor war durch den st\u00e4dtischen Beirat f\u00fcr kommunale Entwicklungszusammenarbeit die Diskussion um die tunesische Partnerschaft, noch immer die einzige im globalen S\u00fcden, belebt worden. <\/p>\n\n\n\n<p>Verschiedene Delegationen aus Politik, Beirat und Verwaltung und B\u00fcrgerreisen sowie Teilnahmen von K\u00fcnstlern der K\u00fcnstlergemeinschaft pART 96 am Kunstfestival in Monastir vertieften die Kontakte zu Monastir. Der Verein Freundeskreis M\u00fcnster-Monastir sieht gro\u00dfes Potenzial in der Intensivierung der Kontakte zum auch touristisch attraktiven Monastir.<\/p>\n\n\n\n<p>Interessierte sind herzlich zur Mitarbeit eingeladen.<\/p>\n\n\n\n<p>E-mail:&nbsp;<a href=\"mailto:info@muenster-monastir.de\">info@muenster-monastir.de<\/a><\/p>\n","protected":false},"excerpt":{"rendered":"<p>Der Freundeskreis M\u00fcnster-Monastir hat sich als Verein 2018 gegr\u00fcndet. Ziel ist, die Kontakte mit der B\u00fcrgerschaft von M\u00fcnsters Partnerstadt Monastir intensivieren und auch zivilgesellschaftliche Graswurzelprojekte bef\u00f6rdern. Bereits 1969 wurde die St\u00e4departnerschaft zwischen M\u00fcnster mit dem tunesischen Monastir begr\u00fcndet. Zwar gab&#8230; <a href=\"https:\/\/www.muenster-monastir.de\/index.php\/ansprechpartner\/\" class=\"readmore\">Weiterlesen<span class=\"screen-reader-text\">Der Verein Freundeskreis M\u00fcnster-Monastir<\/span><span class=\"fa fa-angle-double-right\" aria-hidden=\"true\"><\/span><\/a><\/p>\n","protected":false},"author":2,"featured_media":0,"parent":0,"menu_order":0,"comment_status":"closed","ping_status":"closed","template":"","meta":{"ngg_post_thumbnail":0,"footnotes":""},"class_list":["post-38","page","type-page","status-publish","hentry"],"_links":{"self":[{"href":"https:\/\/www.muenster-monastir.de\/index.php\/wp-json\/wp\/v2\/pages\/38","targetHints":{"allow":["GET"]}}],"collection":[{"href":"https:\/\/www.muenster-monastir.de\/index.php\/wp-json\/wp\/v2\/pages"}],"about":[{"href":"https:\/\/www.muenster-monastir.de\/index.php\/wp-json\/wp\/v2\/types\/page"}],"author":[{"embeddable":true,"href":"https:\/\/www.muenster-monastir.de\/index.php\/wp-json\/wp\/v2\/users\/2"}],"replies":[{"embeddable":true,"href":"https:\/\/www.muenster-monastir.de\/index.php\/wp-json\/wp\/v2\/comments?post=38"}],"version-history":[{"count":17,"href":"https:\/\/www.muenster-monastir.de\/index.php\/wp-json\/wp\/v2\/pages\/38\/revisions"}],"predecessor-version":[{"id":827,"href":"https:\/\/www.muenster-monastir.de\/index.php\/wp-json\/wp\/v2\/pages\/38\/revisions\/827"}],"wp:attachment":[{"href":"https:\/\/www.muenster-monastir.de\/index.php\/wp-json\/wp\/v2\/media?parent=38"}],"curies":[{"name":"wp","href":"https:\/\/api.w.org\/{rel}","templated":true}]}}