{"id":34,"date":"2017-12-07T11:14:01","date_gmt":"2017-12-07T10:14:01","guid":{"rendered":"http:\/\/localhost\/monastir\/?page_id=34"},"modified":"2023-02-14T14:53:18","modified_gmt":"2023-02-14T13:53:18","slug":"aktuell","status":"publish","type":"page","link":"https:\/\/www.muenster-monastir.de\/index.php\/aktuell\/","title":{"rendered":"Aktuelle Veranstaltungen und regelm\u00e4\u00dfige Termine"},"content":{"rendered":"\n<p><strong>Direktfl\u00fcge nach Monastir<\/strong> <br>Im Sommer 2023 gibt es Direktfl\u00fcge vom Flughafen M\u00fcnster-Osnabr\u00fcck nach Monastir.<\/p>\n","protected":false},"excerpt":{"rendered":"<p>Direktfl\u00fcge nach Monastir Im Sommer 2023 gibt es Direktfl\u00fcge vom Flughafen M\u00fcnster-Osnabr\u00fcck nach Monastir.<\/p>\n","protected":false},"author":2,"featured_media":0,"parent":0,"menu_order":0,"comment_status":"closed","ping_status":"closed","template":"template\/full-width.php","meta":{"ngg_post_thumbnail":0,"footnotes":""},"class_list":["post-34","page","type-page","status-publish","hentry"],"_links":{"self":[{"href":"https:\/\/www.muenster-monastir.de\/index.php\/wp-json\/wp\/v2\/pages\/34","targetHints":{"allow":["GET"]}}],"collection":[{"href":"https:\/\/www.muenster-monastir.de\/index.php\/wp-json\/wp\/v2\/pages"}],"about":[{"href":"https:\/\/www.muenster-monastir.de\/index.php\/wp-json\/wp\/v2\/types\/page"}],"author":[{"embeddable":true,"href":"https:\/\/www.muenster-monastir.de\/index.php\/wp-json\/wp\/v2\/users\/2"}],"replies":[{"embeddable":true,"href":"https:\/\/www.muenster-monastir.de\/index.php\/wp-json\/wp\/v2\/comments?post=34"}],"version-history":[{"count":52,"href":"https:\/\/www.muenster-monastir.de\/index.php\/wp-json\/wp\/v2\/pages\/34\/revisions"}],"predecessor-version":[{"id":874,"href":"https:\/\/www.muenster-monastir.de\/index.php\/wp-json\/wp\/v2\/pages\/34\/revisions\/874"}],"wp:attachment":[{"href":"https:\/\/www.muenster-monastir.de\/index.php\/wp-json\/wp\/v2\/media?parent=34"}],"curies":[{"name":"wp","href":"https:\/\/api.w.org\/{rel}","templated":true}]}}