{"id":220,"date":"2018-11-08T17:51:51","date_gmt":"2018-11-08T16:51:51","guid":{"rendered":"http:\/\/localhost\/monastir\/?page_id=220"},"modified":"2018-11-08T18:09:55","modified_gmt":"2018-11-08T17:09:55","slug":"disclaimer","status":"publish","type":"page","link":"https:\/\/www.muenster-monastir.de\/index.php\/disclaimer\/","title":{"rendered":"Rechtlicher Hinweis"},"content":{"rendered":"<p>Diese Website beinhaltet Links zu fremden Angeboten. Wir machen darauf aufmerksam, dass wir uns diese fremden Seiteninhalte nicht zu eigen machen. Wir haben keinen Einflu\u00df auf die fremden Seiteninhalte und \u00fcbernehmen daf\u00fcr keinerlei Verantwortung. Sollten durch die fremden Inhalte Rechte oder gesetzliche Vorschriften verletzt werden, werden wir den Link unverz\u00fcglich beseitigen, sobald uns die Rechts- oder Gesetzesverletzung angezeigt wurde.<\/p>\n<p>Die Inhalte dieser Website sind urheberrechtlich gesch\u00fctzt, eine Verwendung jeglicher Art nur mit schriftlicher Genehmigung des Urhebers.<\/p>\n","protected":false},"excerpt":{"rendered":"<p>Diese Website beinhaltet Links zu fremden Angeboten. Wir machen darauf aufmerksam, dass wir uns diese fremden Seiteninhalte nicht zu eigen machen. Wir haben keinen Einflu\u00df auf die fremden Seiteninhalte und \u00fcbernehmen daf\u00fcr keinerlei Verantwortung. Sollten durch die fremden Inhalte Rechte&#8230; <a href=\"https:\/\/www.muenster-monastir.de\/index.php\/disclaimer\/\" class=\"readmore\">Weiterlesen<span class=\"screen-reader-text\">Rechtlicher Hinweis<\/span><span class=\"fa fa-angle-double-right\" aria-hidden=\"true\"><\/span><\/a><\/p>\n","protected":false},"author":2,"featured_media":0,"parent":0,"menu_order":0,"comment_status":"closed","ping_status":"closed","template":"","meta":{"ngg_post_thumbnail":0,"footnotes":""},"class_list":["post-220","page","type-page","status-publish","hentry"],"_links":{"self":[{"href":"https:\/\/www.muenster-monastir.de\/index.php\/wp-json\/wp\/v2\/pages\/220","targetHints":{"allow":["GET"]}}],"collection":[{"href":"https:\/\/www.muenster-monastir.de\/index.php\/wp-json\/wp\/v2\/pages"}],"about":[{"href":"https:\/\/www.muenster-monastir.de\/index.php\/wp-json\/wp\/v2\/types\/page"}],"author":[{"embeddable":true,"href":"https:\/\/www.muenster-monastir.de\/index.php\/wp-json\/wp\/v2\/users\/2"}],"replies":[{"embeddable":true,"href":"https:\/\/www.muenster-monastir.de\/index.php\/wp-json\/wp\/v2\/comments?post=220"}],"version-history":[{"count":4,"href":"https:\/\/www.muenster-monastir.de\/index.php\/wp-json\/wp\/v2\/pages\/220\/revisions"}],"predecessor-version":[{"id":229,"href":"https:\/\/www.muenster-monastir.de\/index.php\/wp-json\/wp\/v2\/pages\/220\/revisions\/229"}],"wp:attachment":[{"href":"https:\/\/www.muenster-monastir.de\/index.php\/wp-json\/wp\/v2\/media?parent=220"}],"curies":[{"name":"wp","href":"https:\/\/api.w.org\/{rel}","templated":true}]}}